{"id":28,"date":"2019-11-04T15:25:24","date_gmt":"2019-11-04T20:25:24","guid":{"rendered":"https:\/\/localhost\/camaras\/?page_id=28"},"modified":"2026-02-28T19:21:14","modified_gmt":"2026-03-01T00:21:14","slug":"contactenos-en-bogota","status":"publish","type":"page","link":"https:\/\/www.cmlabtec.com\/blog\/contactenos-en-bogota\/","title":{"rendered":"Cont\u00e1ctenos Bogot\u00e1 Domicilio"},"content":{"rendered":"<div class=\"contact-page-wrapper\">\n<header class=\"contact-intro text-center\">\n<p class=\"lead-text\">Deja tus datos, pronto un asesor t\u00e9cnico especializado en computadores, port\u00e1tiles, redes, c\u00e1maras y telefon\u00eda se comunicar\u00e1 con usted.<\/p>\n<h1 class=\"section-title\">Soporte T\u00e9cnico en Bogot\u00e1 a Domicilio<\/h1>\n<p>Brindamos informaci\u00f3n detallada sobre nuestros servicios para empresas y hogares.<\/p>\n<\/header>\n<section class=\"form-container shadow-sm\">\n        <div class=\"wpforms-container wpforms-container-full\" id=\"wpforms-6303\"><form id=\"wpforms-form-6303\" class=\"wpforms-validate wpforms-form wpforms-ajax-form\" data-formid=\"6303\" method=\"post\" enctype=\"multipart\/form-data\" action=\"\/blog\/wp-json\/wp\/v2\/pages\/28\" data-token=\"6f8fa49397761ab92f6a9ea1af0ccbde\" data-token-time=\"1776589921\"><noscript class=\"wpforms-error-noscript\">Por favor, activa JavaScript en tu navegador para completar este formulario.<\/noscript><div class=\"wpforms-field-container\"><div id=\"wpforms-6303-field_0-container\" class=\"wpforms-field wpforms-field-name\" data-field-id=\"0\"><label class=\"wpforms-field-label\" for=\"wpforms-6303-field_0\">Nombre <span class=\"wpforms-required-label\">*<\/span><\/label><input type=\"text\" id=\"wpforms-6303-field_0\" class=\"wpforms-field-small wpforms-field-required\" name=\"wpforms[fields][0]\" required><\/div><div id=\"wpforms-6303-field_3-container\" class=\"wpforms-field wpforms-field-number\" data-field-id=\"3\"><label class=\"wpforms-field-label\" for=\"wpforms-6303-field_3\">Telefono <span class=\"wpforms-required-label\">*<\/span><\/label><input type=\"number\" id=\"wpforms-6303-field_3\" class=\"wpforms-field-small wpforms-field-required\" name=\"wpforms[fields][3]\" step=\"any\" required><\/div><div id=\"wpforms-6303-field_1-container\" class=\"wpforms-field wpforms-field-email\" data-field-id=\"1\"><label class=\"wpforms-field-label\" for=\"wpforms-6303-field_1\">Correo electr\u00f3nico <span class=\"wpforms-required-label\">*<\/span><\/label><input type=\"email\" id=\"wpforms-6303-field_1\" class=\"wpforms-field-small wpforms-field-required\" name=\"wpforms[fields][1]\" spellcheck=\"false\" required><\/div><div id=\"wpforms-6303-field_2-container\" class=\"wpforms-field wpforms-field-textarea\" data-field-id=\"2\"><label class=\"wpforms-field-label\" for=\"wpforms-6303-field_2\">Comentario o mensaje<\/label><textarea id=\"wpforms-6303-field_2\" class=\"wpforms-field-small\" name=\"wpforms[fields][2]\" ><\/textarea><\/div><\/div><!-- .wpforms-field-container --><div class=\"wpforms-submit-container\" ><input type=\"hidden\" name=\"wpforms[id]\" value=\"6303\"><input type=\"hidden\" name=\"page_title\" value=\"\"><input type=\"hidden\" name=\"page_url\" value=\"https:\/\/www.cmlabtec.com\/blog\/wp-json\/wp\/v2\/pages\/28\"><input type=\"hidden\" name=\"url_referer\" value=\"\"><button type=\"submit\" name=\"wpforms[submit]\" id=\"wpforms-submit-6303\" class=\"wpforms-submit btn btn-success\" data-alt-text=\"Enviando Informacion\" data-submit-text=\"Enviar\" aria-live=\"assertive\" value=\"wpforms-submit\">Enviar<\/button><img loading=\"lazy\" decoding=\"async\" src=\"https:\/\/www.cmlabtec.com\/blog\/wp-content\/plugins\/wpforms-lite\/assets\/images\/submit-spin.svg\" class=\"wpforms-submit-spinner\" style=\"display: none;\" width=\"26\" height=\"26\" alt=\"Cargando\"><\/div><\/form><\/div>  <!-- .wpforms-container --><br \/>\n    <\/section>\n<div class=\"row-services mt-5\">\n<article class=\"service-box\">\n<h3 class=\"title-accent\">L\u00edneas de Trabajo<\/h3>\n<ul class=\"custom-list\">\n<li><i class=\"fas fa-desktop\"><\/i> Computadores de Mesa<\/li>\n<li><i class=\"fas fa-laptop\"><\/i> Equipos port\u00e1tiles<\/li>\n<li><i class=\"fas fa-video\"><\/i> C\u00e1maras de Seguridad CCTV<\/li>\n<li><i class=\"fas fa-network-wired\"><\/i> Redes de Voz y Datos<\/li>\n<li><i class=\"fas fa-wifi\"><\/i> Optimizaci\u00f3n de redes Wi-Fi<\/li>\n<li><i class=\"fas fa-phone-alt\"><\/i> Telefon\u00eda Convencional e IP<\/li>\n<\/ul>\n<\/article>\n<article class=\"service-box\">\n<h3 class=\"title-accent\">Nuestro Equipo en Bogot\u00e1<\/h3>\n<p>Contamos con t\u00e9cnicos expertos en diversas \u00e1reas para un servicio integral a domicilio:<\/p>\n<ul class=\"custom-list\">\n<li>T\u00e9cnico en Reparaci\u00f3n de PC y Port\u00e1tiles<\/li>\n<li>Especialista en Seguridad CCTV<\/li>\n<li>Ingenieros de Redes y Telecomunicaciones<\/li>\n<li>T\u00e9cnicos en Telefon\u00eda local e IP<\/li>\n<\/ul>\n<\/article><\/div>\n<section class=\"info-detailed mt-4 p-4 rounded bg-light\">\n<h2 class=\"h4 text-primary\">Asesor\u00eda en Seguridad y Vigilancia<\/h2>\n<p>Lo asesoramos en la instalaci\u00f3n de sistemas <strong>CCTV (Domo, Bala, DVR NVR )<\/strong>.<\/p>\n<p> Nos enfocamos en la est\u00e9tica de la instalaci\u00f3n y la m\u00e1xima cobertura de seguridad.<\/p>\n<p class=\"highlight-note\">Configuraci\u00f3n y mantenimiento con servicio a domicilio en Bogot\u00e1.<\/p>\n<\/section>\n<footer class=\"contact-footer mt-5 text-center\">\n<div class=\"alert alert-info border-0\">\n<h3 class=\"h5\"><i class=\"fas fa-info-circle\"><\/i> Informaci\u00f3n de Visitas<\/h3>\n<p>Las visitas t\u00e9cnicas dentro de la zona urbana de <strong>Bogot\u00e1 no tienen costo<\/strong>.<\/p>\n<p class=\"small text-muted\">Para servicios fuera de la ciudad, el costo de la visita se abona al valor final del contrato.<\/p>\n<\/p><\/div>\n<p>        <a href=\"https:\/\/www.cmlabtec.com\" class=\"btn-link-principal\" title=\"Volver al Inicio\">Ir a la p\u00e1gina principal<\/a><br \/>\n    <\/footer>\n<\/div>\n","protected":false},"excerpt":{"rendered":"<p>BOGOT\u00c1 SOPORTE T\u00c9CNICO A DOMICILIO   Nuestras l\u00edneas de trabajo C\u00e1maras de  Seguridad, Redes Voz y Datos, Telefon\u00eda,  Computadores Port\u00e1tiles Cont\u00e1ctenos para poderlo asesorar <\/p>\n","protected":false},"author":1,"featured_media":5111,"parent":0,"menu_order":0,"comment_status":"closed","ping_status":"closed","template":"","meta":{"_acf_changed":false,"footnotes":""},"class_list":["post-28","page","type-page","status-publish","has-post-thumbnail","hentry"],"acf":[],"_links":{"self":[{"href":"https:\/\/www.cmlabtec.com\/blog\/wp-json\/wp\/v2\/pages\/28","targetHints":{"allow":["GET"]}}],"collection":[{"href":"https:\/\/www.cmlabtec.com\/blog\/wp-json\/wp\/v2\/pages"}],"about":[{"href":"https:\/\/www.cmlabtec.com\/blog\/wp-json\/wp\/v2\/types\/page"}],"author":[{"embeddable":true,"href":"https:\/\/www.cmlabtec.com\/blog\/wp-json\/wp\/v2\/users\/1"}],"replies":[{"embeddable":true,"href":"https:\/\/www.cmlabtec.com\/blog\/wp-json\/wp\/v2\/comments?post=28"}],"version-history":[{"count":2,"href":"https:\/\/www.cmlabtec.com\/blog\/wp-json\/wp\/v2\/pages\/28\/revisions"}],"predecessor-version":[{"id":6865,"href":"https:\/\/www.cmlabtec.com\/blog\/wp-json\/wp\/v2\/pages\/28\/revisions\/6865"}],"wp:featuredmedia":[{"embeddable":true,"href":"https:\/\/www.cmlabtec.com\/blog\/wp-json\/wp\/v2\/media\/5111"}],"wp:attachment":[{"href":"https:\/\/www.cmlabtec.com\/blog\/wp-json\/wp\/v2\/media?parent=28"}],"curies":[{"name":"wp","href":"https:\/\/api.w.org\/{rel}","templated":true}]}}