{"id":19,"date":"2019-08-25T22:37:53","date_gmt":"2019-08-26T03:37:53","guid":{"rendered":"https:\/\/localhost\/camaras\/?page_id=19"},"modified":"2025-10-19T19:41:33","modified_gmt":"2025-10-20T00:41:33","slug":"quienes-somos-cmlabtec-empresa-de-soporte-tecnico-en-bogota","status":"publish","type":"page","link":"https:\/\/www.cmlabtec.com\/blog\/quienes-somos-cmlabtec-empresa-de-soporte-tecnico-en-bogota\/","title":{"rendered":"Soporte Tecnico Computadores Bogota"},"content":{"rendered":"<header class=\"page-header text-center\">\n<h2 class=\"section-title font-weight-bold\">\n        CMLABTEC: SOPORTE T\u00c9CNICO A DOMICILIO EN BOGOT\u00c1<br \/>\n    <\/h2>\n<\/header>\n<figure class=\"featured-image text-center\">\n    <figure id=\"attachment_1474\" aria-describedby=\"caption-attachment-1474\" style=\"width: 1002px\" class=\"wp-caption aligncenter\"><img decoding=\"async\" width=\"1002\" height=\"251\" class=\"img-fluid wp-image-1474 size-full lazyload\"\n             src=\"https:\/\/www.cmlabtec.com\/blog\/wp-content\/uploads\/2018\/02\/arreglo-computadores-unilago.png\"\n             alt=\"Servicio de Soporte t\u00e9cnico de Computadores a Domicilio en Bogot\u00e1\"\n             loading=\"lazy\" srcset=\"https:\/\/www.cmlabtec.com\/blog\/wp-content\/uploads\/2018\/02\/arreglo-computadores-unilago.png 1002w, https:\/\/www.cmlabtec.com\/blog\/wp-content\/uploads\/2018\/02\/arreglo-computadores-unilago-300x75.png 300w, https:\/\/www.cmlabtec.com\/blog\/wp-content\/uploads\/2018\/02\/arreglo-computadores-unilago-670x168.png 670w, https:\/\/www.cmlabtec.com\/blog\/wp-content\/uploads\/2018\/02\/arreglo-computadores-unilago-768x192.png 768w\" sizes=\"auto, (max-width: 1002px) 100vw, 1002px\" \/><figcaption id=\"caption-attachment-1474\" class=\"wp-caption-text\"><figcaption>Servicio t\u00e9cnico y soporte de equipos de c\u00f3mputo a domicilio.<\/figcaption><\/figcaption><\/figure><br \/>\n<\/figure>\n<section class=\"value-proposition\">\n<h3 class=\"section-title text-center\">\n        TRABAJAMOS EN LAS \u00c1REAS CLAVE DE SU EMPRESA<br \/>\n    <\/h3>\n<div class=\"container-sepadador\"><\/div>\n<\/section>\n<article id=\"services-sistemas\">\n<div class=\"service-row clearfix\">\n<h3>\ud83d\udda5\ufe0f SISTEMAS Y COMPUTADORES<\/h3>\n<p>        <img decoding=\"async\" class=\"alignright wp-image-2399 size-medium lazyload\"\n             src=\"https:\/\/www.cmlabtec.com\/blog\/wp-content\/uploads\/2018\/12\/reparacion-mantenimiento-computadores-bogota-optimizado-1-300x220.png\"\n             alt=\"Servicio de Reparaci\u00f3n y Mantenimiento de Computador Port\u00e1til en Bogot\u00e1\" \n             width=\"300\" height=\"220\" loading=\"lazy\" srcset=\"https:\/\/www.cmlabtec.com\/blog\/wp-content\/uploads\/2018\/12\/reparacion-mantenimiento-computadores-bogota-optimizado-1-300x220.png 300w, https:\/\/www.cmlabtec.com\/blog\/wp-content\/uploads\/2018\/12\/reparacion-mantenimiento-computadores-bogota-optimizado-1-670x492.png 670w, https:\/\/www.cmlabtec.com\/blog\/wp-content\/uploads\/2018\/12\/reparacion-mantenimiento-computadores-bogota-optimizado-1-768x564.png 768w, https:\/\/www.cmlabtec.com\/blog\/wp-content\/uploads\/2018\/12\/reparacion-mantenimiento-computadores-bogota-optimizado-1-1536x1128.png 1536w, https:\/\/www.cmlabtec.com\/blog\/wp-content\/uploads\/2018\/12\/reparacion-mantenimiento-computadores-bogota-optimizado-1.png 2048w\" sizes=\"auto, (max-width: 300px) 100vw, 300px\" \/><\/p>\n<ul>\n<li>\n                <a class=\"link-adorno py-2 text-muted\" href=\"https:\/\/www.cmlabtec.com\/actualizar-computadores-bogota.html\"\n                   title=\"Actualizaci\u00f3n de Hardware y Software de Computadores\">Actualizaci\u00f3n de computadores<\/a>\n            <\/li>\n<li>Mantenimiento de computadores a domicilio<\/li>\n<li>Reparaci\u00f3n de Port\u00e1tiles Corporativos y Gamer<\/li>\n<li>Suministro de equipos de c\u00f3mputo para Empresas<\/li>\n<li>Licencias de Software<\/li>\n<li>Redes de voz y datos e inal\u00e1mbricas wifi para oficinas de Bogot\u00e1<\/li>\n<\/ul><\/div>\n<\/article>\n<hr>\n<div class=\"container-sepadador\"><\/div>\n<article id=\"services-cctv\">\n<div class=\"service-row clearfix\">\n<h3>\ud83d\udcf9 SISTEMAS C\u00c1MARAS DE SEGURIDAD CCTV<\/h3>\n<p>        <img decoding=\"async\" class=\"alignright wp-image-2392 lazyload\"\n             src=\"https:\/\/www.cmlabtec.com\/blog\/wp-content\/uploads\/2018\/12\/Mantenimiento-camaras-300x300.png\"\n             alt=\"Arreglo y Mantenimiento de c\u00e1maras de vigilancia CCTV\" \n             width=\"251\" height=\"251\" loading=\"lazy\" srcset=\"https:\/\/www.cmlabtec.com\/blog\/wp-content\/uploads\/2018\/12\/Mantenimiento-camaras-300x300.png 300w, https:\/\/www.cmlabtec.com\/blog\/wp-content\/uploads\/2018\/12\/Mantenimiento-camaras-150x150.png 150w, https:\/\/www.cmlabtec.com\/blog\/wp-content\/uploads\/2018\/12\/Mantenimiento-camaras.png 400w\" sizes=\"auto, (max-width: 251px) 100vw, 251px\" \/><\/p>\n<p>Los asesoramos para que tome la mejor decisi\u00f3n en cuanto a los sistemas de c\u00e1maras de seguridad en las \u00e1reas sensibles de su empresa, casa o negocio.<\/p>\n<ul class=\"list-unstyled\">\n<li>\n                <a href=\"https:\/\/www.cmlabtec.com\/instalacion-mantenimiento-cctv-bogota.html\" target=\"_blank\"\n                   title=\"Mantenimiento a sistemas de c\u00e1maras de seguridad en Bogot\u00e1\" rel=\"noopener\">Mantenimiento a c\u00e1maras de seguridad a domicilio<\/a>\n            <\/li>\n<li>Venta e instalaci\u00f3n de equipos de seguridad tales como: DVR, NVR, c\u00e1maras, domos, etc.<\/li>\n<li>Configuraci\u00f3n de las c\u00e1maras en Internet con direcciones IP fijas o direcciones din\u00e1micas.<\/li>\n<\/ul><\/div>\n<\/article>\n<hr>\n<div class=\"container-sepadador\"><\/div>\n<article id=\"services-comunicaciones\">\n<div class=\"service-row clearfix\">\n<h3>\ud83c\udf10 COMUNICACIONES Y REDES<\/h3>\n<p>        <img decoding=\"async\" class=\"alignright wp-image-493 size-medium lazyload\"\n             src=\"https:\/\/www.cmlabtec.com\/blog\/wp-content\/uploads\/2013\/12\/traslado-oficinas-bogota-300x121.jpg\"\n             alt=\"Servicio de Instalaci\u00f3n y Traslado de oficinas y redes en Bogot\u00e1\" \n             width=\"300\" height=\"121\" loading=\"lazy\" srcset=\"https:\/\/www.cmlabtec.com\/blog\/wp-content\/uploads\/2013\/12\/traslado-oficinas-bogota-300x121.jpg 300w, https:\/\/www.cmlabtec.com\/blog\/wp-content\/uploads\/2013\/12\/traslado-oficinas-bogota.jpg 443w\" sizes=\"auto, (max-width: 300px) 100vw, 300px\" \/><\/p>\n<ul>\n<li>Redes de voz y datos<\/li>\n<li>Cableado estructurado<\/li>\n<li>Verificamos que su red trabaje acorde a las necesidades de su empresa<\/li>\n<li>Redes voz\/datos y corriente, instalaci\u00f3n y adecuaci\u00f3n de puntos de red.<\/li>\n<li>Revisi\u00f3n de conexi\u00f3n y velocidad de puntos red<\/li>\n<\/ul><\/div>\n<\/article>\n<hr>\n<div class=\"container-sepadador\"><\/div>\n<article id=\"services-telefonia\">\n<div class=\"service-row clearfix\">\n<h3 class=\"section-title\">\u260e\ufe0f T\u00c9CNICOS EN TELEFON\u00cdA BOGOT\u00c1<\/h3>\n<h4 class=\"section-title-dos\">Programaci\u00f3n y reparaci\u00f3n de equipos de telefon\u00eda.<\/h4>\n<p>        <img decoding=\"async\" class=\"alignright wp-image-1089 size-medium lazyload\"\n             src=\"https:\/\/www.cmlabtec.com\/blog\/wp-content\/uploads\/2017\/06\/conmutador-300x240.jpg\"\n             alt=\"Soporte tecnico a conmutadores telefonicos en Bogota\" \n             width=\"300\" height=\"240\" loading=\"lazy\" srcset=\"https:\/\/www.cmlabtec.com\/blog\/wp-content\/uploads\/2017\/06\/conmutador-300x240.jpg 300w, https:\/\/www.cmlabtec.com\/blog\/wp-content\/uploads\/2017\/06\/conmutador.jpg 500w\" sizes=\"auto, (max-width: 300px) 100vw, 300px\" \/><\/p>\n<p>        <a href=\"https:\/\/www.cmlabtec.com\/reparacion-telefonos-bogota.html\" title=\"t\u00e9cnicos en telefon\u00eda\">T\u00e9cnicos en tel\u00e9fonos<\/a><\/p>\n<ul class=\"list-unstyled\">\n<li>Programaci\u00f3n Centrales telef\u00f3nicas Panasonic (conmutadores)<\/li>\n<li>Cit\u00f3fonos edificios<\/li>\n<li>Consolas e intercomunicadores, etc.<\/li>\n<li>Derivaciones y extensiones telef\u00f3nicas de telefon\u00eda fija<\/li>\n<li>Arreglo da\u00f1os internos de telefon\u00eda ETB y CLARO<\/li>\n<\/ul><\/div>\n<\/article>\n<div class=\"container-sepadador\"><\/div>\n<aside class=\"promo-box my-5\">\n<div class=\"enlace-interno m-3\" style=\"padding: 1.5rem; text-align: center; border: 1.5px solid #25d366; background-color: #000; color: #f5f5f5; border-radius: 5px;\">\n<h2 class=\"text-center\">Aprovecha Nuestra Promoci\u00f3n<\/h2>\n<p>Repotenciar Computadores al <span class=\"year-highlight\">2025<\/span><\/p>\n<ul style=\"text-align: initial; margin: 1rem auto; max-width: 400px;\">\n<li><strong>\u2705<\/strong> Aumentar 8 gigas de memoria RAM<\/li>\n<li><strong>\u2705<\/strong> Cambiar Disco Duro Mec\u00e1nico a un Disco Duro Solido 500 gigas<\/li>\n<li><strong>\u2705<\/strong> Disco SSD o MEVe M.2 con una capacidad de 500 gigas<\/li>\n<li><strong>\u2705<\/strong> Mantenimiento preventivo para el computador<\/li>\n<li><strong>\u2705<\/strong> Servicio t\u00e9cnico a Domicilio en Bogota<\/li>\n<\/ul>\n<p>*** Incluye el cambio de la pasta t\u00e9rmica<\/p>\n<div class=\"container p-1 m-1\" style=\"text-align:center;\">\n            <a style=\"text-decoration: none; padding: 10px 20px; background-color: #28a745; color: white; border-radius: 5px; font-weight: bold; display: inline-block;\"\n               href=\"https:\/\/www.cmlabtec.com\/repotenciar-computadores.html\"\n               target=\"_blank\" title=\"Repotenciar computadores en Bogota\" rel=\"noopener\"><br \/>\n                Repotenciar Computador Port\u00e1til<br \/>\n            <\/a>\n        <\/div>\n<\/p><\/div>\n<\/aside>\n<div class=\"container-sepadador\"><\/div>\n<section id=\"about-us\">\n<p class=\"section-title\">CMLABTEC S.A.S<\/p>\n<p>Somos una empresa con una amplia experiencia con m\u00e1s de diez a\u00f1os en el mercado brindando Soporte T\u00e9cnico a Domicilio en Bogot\u00e1.<\/p>\n<ul class=\"py-4\">\n<li>Sistemas, Computadores, Servidores, Redes de voz y datos<\/li>\n<li>C\u00e1maras de seguridad cctv<br \/>Ofreciendo servicios de calidad con efectividad.<\/li>\n<\/ul>\n<p>Queremos ser su aliado tecnol\u00f3gico con servicios t\u00e9cnicos \u00e1giles, seguros, confiables, con nuestros profesionales.<\/p>\n<p>Cumplidos con los horarios para que su empresa tenga un perfecto desempe\u00f1o y usted se dedique a su labor sin pensar en el mantenimiento y reparaci\u00f3n de los equipos de su empresa.<\/p>\n<div class=\"boton-contacto text-center\">\n        <a style=\"text-decoration: none; padding: 12px 25px; background-color: #007bff; color: white; border-radius: 5px; font-weight: bold; display: inline-block;\"\n           href=\"https:\/\/www.cmlabtec.com\/blog\/solicitar-presupuesto\/\" \n           title=\"T\u00e9cnicos computadores bogota\"><br \/>\n            Soporte T\u00e9cnico<br \/>\n        <\/a>\n    <\/div>\n<div class=\"container-sepadador\"><\/div>\n<div class=\"nuestros-servicios\">\n<div class=\"section-contenidos container\">\n<div class=\"titulos-contenido\">\n<h2 class=\"section-title-tres\">Empresa de Soporte T\u00e9cnico<\/h2>\n<\/p><\/div>\n<div class=\"texto-contenido py-4\">\n<p>Empresa legalmente constituida CMLABTEC.SAS n\u00famero de Nit 900.804.796-0 con una amplia experiencia de m\u00e1s de diez a\u00f1os en el mercado ofreciendo servicio t\u00e9cnico de calidad y efectividad, queremos ser su aliado en el servicio t\u00e9cnico somos \u00e1giles, seguros, confiables y con profesionalismo.<\/p>\n<\/p><\/div>\n<p>            <iframe title=\"Cmlabtec reparaci\u00f3n computadores\"\n                src=\"https:\/\/www.youtube.com\/embed\/0YkSH58Gg10?&amp;modestbranding=1&amp;controls=0&amp;rel=0&amp;showinfo=0\"\n                width=\"100%\" height=\"360\" allowfullscreen=\"allowfullscreen\" loading=\"lazy\"><\/iframe>\n        <\/div>\n<div class=\"section-contenidos\">\n<div class=\"titulos-contenido\">\n<h2 class=\"section-title-tres\">NUESTRA MISION EN CMLABTEC<\/h2>\n<\/p><\/div>\n<div class=\"texto-contenido py-4\">\n<p>Brindar un excelente servicio de t\u00e9cnico de soporte mantenimiento, venta e instalaci\u00f3n en el \u00e1rea de computaci\u00f3n, c\u00e1maras de seguridad CCTV, Redes de comunicaciones voz y datos. Sistemas de telefon\u00eda fija e IP.<\/p>\n<p>Para cumplir con cualquier requerimiento tanto de peque\u00f1as, medianas o grandes empresas, tambi\u00e9n ofrecer servicios para clientes no empresariales ya que las necesidades son diversas.<\/p>\n<\/p><\/div>\n<p>            <iframe title=\"Cmlabtec servicio t\u00e9cnico c\u00e1maras\"\n                src=\"https:\/\/www.youtube.com\/embed\/KQBBDrVU6R4?&amp;modestbranding=1&amp;controls=0&amp;rel=0&amp;showinfo=0\"\n                width=\"100%\" height=\"360\" allowfullscreen=\"allowfullscreen\" loading=\"lazy\"><\/iframe>\n        <\/div>\n<div class=\"section-contenidos\">\n<div class=\"titulos-contenido\">\n<h2 class=\"section-title-tres\">VISION DE CMLABTEC<\/h2>\n<\/p><\/div>\n<div class=\"texto-contenido py-4\">\n<p>Queremos ser la primera empresa de soporte t\u00e9cnico especializado en Bogot\u00e1 para nuestros clientes actuales y futuros, satisfaciendo sus necesidades y requerimientos t\u00e9cnicos.<\/p>\n<p>Adem\u00e1s ser reconocida en el \u00e1mbito comercial por nuestra calidad y servicio de soporte t\u00e9cnico especializado en Bogot\u00e1.<\/p>\n<p>Lograr los m\u00e1s altos \u00edndices de satisfacci\u00f3n al cliente por medio de la excelencia en la integraci\u00f3n de soluciones especializadas para el \u00e1rea de inform\u00e1tica.<\/p>\n<p>Convertirnos en el proveedor predilecto de nuestros clientes. Consolidar nuestro liderazgo en hacer de este concepto la fuente m\u00e1s importante de toma de decisiones para nuestros clientes.<\/p>\n<\/p><\/div>\n<p>            <iframe title=\"Cmlabtec reparaci\u00f3n computadores en Bogot\u00e1\"\n                src=\"https:\/\/www.youtube.com\/embed\/0YkSH58Gg10?&amp;modestbranding=1&amp;controls=0&amp;rel=0&amp;showinfo=0\"\n                width=\"100%\" height=\"360\" allowfullscreen=\"allowfullscreen\" loading=\"lazy\"><\/iframe>\n        <\/div>\n<\/p><\/div>\n<\/section>\n","protected":false},"excerpt":{"rendered":"<p>CMLABTEC: SOPORTE T\u00c9CNICO A DOMICILIO EN BOGOT\u00c1 TRABAJAMOS EN LAS \u00c1REAS CLAVE DE SU EMPRESA \ud83d\udda5\ufe0f SISTEMAS Y COMPUTADORES Actualizaci\u00f3n de computadores Mantenimiento de computadores a domicilio Reparaci\u00f3n de Port\u00e1tiles [&hellip;]<\/p>\n","protected":false},"author":1,"featured_media":5102,"parent":0,"menu_order":0,"comment_status":"closed","ping_status":"closed","template":"template-fullwidth.php","meta":{"_acf_changed":false,"footnotes":""},"class_list":["post-19","page","type-page","status-publish","has-post-thumbnail","hentry"],"acf":[],"_links":{"self":[{"href":"https:\/\/www.cmlabtec.com\/blog\/wp-json\/wp\/v2\/pages\/19","targetHints":{"allow":["GET"]}}],"collection":[{"href":"https:\/\/www.cmlabtec.com\/blog\/wp-json\/wp\/v2\/pages"}],"about":[{"href":"https:\/\/www.cmlabtec.com\/blog\/wp-json\/wp\/v2\/types\/page"}],"author":[{"embeddable":true,"href":"https:\/\/www.cmlabtec.com\/blog\/wp-json\/wp\/v2\/users\/1"}],"replies":[{"embeddable":true,"href":"https:\/\/www.cmlabtec.com\/blog\/wp-json\/wp\/v2\/comments?post=19"}],"version-history":[{"count":3,"href":"https:\/\/www.cmlabtec.com\/blog\/wp-json\/wp\/v2\/pages\/19\/revisions"}],"predecessor-version":[{"id":6854,"href":"https:\/\/www.cmlabtec.com\/blog\/wp-json\/wp\/v2\/pages\/19\/revisions\/6854"}],"wp:featuredmedia":[{"embeddable":true,"href":"https:\/\/www.cmlabtec.com\/blog\/wp-json\/wp\/v2\/media\/5102"}],"wp:attachment":[{"href":"https:\/\/www.cmlabtec.com\/blog\/wp-json\/wp\/v2\/media?parent=19"}],"curies":[{"name":"wp","href":"https:\/\/api.w.org\/{rel}","templated":true}]}}