{"id":1383,"date":"2020-01-17T13:09:32","date_gmt":"2020-01-17T18:09:32","guid":{"rendered":"http:\/\/www.cmlabtec.com\/blog\/?page_id=1383"},"modified":"2024-06-26T22:06:31","modified_gmt":"2024-06-27T03:06:31","slug":"solicitar-presupuesto","status":"publish","type":"page","link":"https:\/\/www.cmlabtec.com\/blog\/solicitar-presupuesto\/","title":{"rendered":"Solicitar presupuesto"},"content":{"rendered":"<div class=\"container-sepadador\"><\/div>\n<h2 class=\"section-title\">Solicite m\u00e1s informacion y asesoria<\/h2>\n<p>Soporte T\u00e9cnico en Bogot\u00e1 a domicilio<\/p>\n<ul>\n<li>Cotizaciones<\/li>\n<li>Asesor\u00eda tecnica<\/li>\n<li>Consultas de Expertos<\/li>\n<li>Agendar Servicio de Soporte T\u00e9cnico<\/li>\n<li>Solicitar  Soporte T\u00e9cnico Remoto<\/li>\n<\/ul>\n<hr>\n<p>Si requiere m\u00e1s informaci\u00f3n  sobre nuestros productos y servicios  o  desea cotizar  por favor diligencie el<br \/>\n siguiente formulario y  nuestros asesores le contactan lo m\u00e1s pronto posible.<\/p>\n<p><\/p>\n<p>Pronto un asesor har\u00e1 contacto con usted para brindarle m\u00e1s informaci\u00f3n y \/o cotizaci\u00f3n solicitada<\/p>\n<hr>\n<div class=\"container\"><div class=\"wpforms-container wpforms-container-full\" id=\"wpforms-6303\"><form id=\"wpforms-form-6303\" class=\"wpforms-validate wpforms-form wpforms-ajax-form\" data-formid=\"6303\" method=\"post\" enctype=\"multipart\/form-data\" action=\"\/blog\/wp-json\/wp\/v2\/pages\/1383\" data-token=\"a553031c255ff648f7a9351293a555b3\" data-token-time=\"1776503406\"><noscript class=\"wpforms-error-noscript\">Por favor, activa JavaScript en tu navegador para completar este formulario.<\/noscript><div class=\"wpforms-field-container\"><div id=\"wpforms-6303-field_0-container\" class=\"wpforms-field wpforms-field-name\" data-field-id=\"0\"><label class=\"wpforms-field-label\" for=\"wpforms-6303-field_0\">Nombre <span class=\"wpforms-required-label\">*<\/span><\/label><input type=\"text\" id=\"wpforms-6303-field_0\" class=\"wpforms-field-small wpforms-field-required\" name=\"wpforms[fields][0]\" required><\/div><div id=\"wpforms-6303-field_3-container\" class=\"wpforms-field wpforms-field-number\" data-field-id=\"3\"><label class=\"wpforms-field-label\" for=\"wpforms-6303-field_3\">Telefono <span class=\"wpforms-required-label\">*<\/span><\/label><input type=\"number\" id=\"wpforms-6303-field_3\" class=\"wpforms-field-small wpforms-field-required\" name=\"wpforms[fields][3]\" step=\"any\" required><\/div><div id=\"wpforms-6303-field_1-container\" class=\"wpforms-field wpforms-field-email\" data-field-id=\"1\"><label class=\"wpforms-field-label\" for=\"wpforms-6303-field_1\">Correo electr\u00f3nico <span class=\"wpforms-required-label\">*<\/span><\/label><input type=\"email\" id=\"wpforms-6303-field_1\" class=\"wpforms-field-small wpforms-field-required\" name=\"wpforms[fields][1]\" spellcheck=\"false\" required><\/div><div id=\"wpforms-6303-field_2-container\" class=\"wpforms-field wpforms-field-textarea\" data-field-id=\"2\"><label class=\"wpforms-field-label\" for=\"wpforms-6303-field_2\">Comentario o mensaje<\/label><textarea id=\"wpforms-6303-field_2\" class=\"wpforms-field-small\" name=\"wpforms[fields][2]\" ><\/textarea><\/div><\/div><!-- .wpforms-field-container --><div class=\"wpforms-submit-container\" ><input type=\"hidden\" name=\"wpforms[id]\" value=\"6303\"><input type=\"hidden\" name=\"page_title\" value=\"\"><input type=\"hidden\" name=\"page_url\" value=\"https:\/\/www.cmlabtec.com\/blog\/wp-json\/wp\/v2\/pages\/1383\"><input type=\"hidden\" name=\"url_referer\" value=\"\"><button type=\"submit\" name=\"wpforms[submit]\" id=\"wpforms-submit-6303\" class=\"wpforms-submit btn btn-success\" data-alt-text=\"Enviando Informacion\" data-submit-text=\"Enviar\" aria-live=\"assertive\" value=\"wpforms-submit\">Enviar<\/button><img loading=\"lazy\" decoding=\"async\" src=\"https:\/\/www.cmlabtec.com\/blog\/wp-content\/plugins\/wpforms-lite\/assets\/images\/submit-spin.svg\" class=\"wpforms-submit-spinner\" style=\"display: none;\" width=\"26\" height=\"26\" alt=\"Cargando\"><\/div><\/form><\/div>  <!-- .wpforms-container --><\/div>\n<div class=\"container-sepadador\"><\/div>\n<section>\n<h3 class=\"section-title-dos\">Env\u00ede los archivos adicionales con la informaci\u00f3n adicional para poder enviar la cotizaci\u00f3n<\/h3>\n<p>Como:<\/p>\n<div class=\"container-sepadador\"><\/div>\n<section>\n<ul>\n<li>Listado de equipos.<\/li>\n<li>Plano de instalaci\u00f3n  o distribucion.<\/li>\n<li>Especificaciones del trabajo a realizar<\/li>\n<li>Cantidad materiales etc <\/li>\n<li>Etc<\/li>\n<\/ul>\n<hr>\n<h4 class=\"section-title-dos\">Solicitar Cotizacion de Reparaciones o Repuestos para computador<\/h4>\n<p>Para poder  cotizar necesitamos la  referencia exacta del computador <\/p>\n<p>Por favor indicar la marca y el modelo exacto del equipo<\/p>\n<p>En general el modelo est\u00e1 en la parte de debajo donde se encuentra el serial y el modelo  entre otros datos<\/p>\n<p>De ser posible foto envia una foto a nuestro whatsapp  3118120925<\/p>\n<\/section>\n<div class=\"container-sepadador\"><\/div>\n<p><img decoding=\"async\" src=\"https:\/\/www.cmlabtec.com\/blog\/wp-content\/uploads\/2022\/01\/servicio-tecnico-bogota-2022.webp\" alt=\"soporte tecnico Bogota\" width=\"100%\"  class=\"aligncenter size-full wp-image-5717\"                   title\"mantenimiento computadores  portatiles\" srcset=\"https:\/\/www.cmlabtec.com\/blog\/wp-content\/uploads\/2022\/01\/servicio-tecnico-bogota-2022.webp 2560w, https:\/\/www.cmlabtec.com\/blog\/wp-content\/uploads\/2022\/01\/servicio-tecnico-bogota-2022-300x225.webp 300w, https:\/\/www.cmlabtec.com\/blog\/wp-content\/uploads\/2022\/01\/servicio-tecnico-bogota-2022-670x503.webp 670w, https:\/\/www.cmlabtec.com\/blog\/wp-content\/uploads\/2022\/01\/servicio-tecnico-bogota-2022-768x576.webp 768w, https:\/\/www.cmlabtec.com\/blog\/wp-content\/uploads\/2022\/01\/servicio-tecnico-bogota-2022-1536x1152.webp 1536w, https:\/\/www.cmlabtec.com\/blog\/wp-content\/uploads\/2022\/01\/servicio-tecnico-bogota-2022-2048x1536.webp 2048w\" sizes=\"(max-width: 2560px) 100vw, 2560px\" \/><\/p>\n<p class=\"text-center\">Mantenimiento  y reparacion computador bogota<\/p>\n<\/section>\n<div class=\"container-sepadador\"><\/div>\n","protected":false},"excerpt":{"rendered":"<p>Solicite m\u00e1s informacion y presupuestos Soporte T\u00e9cnico en Bogot\u00e1 Cotizaciones \u2013 Asesor\u00eda \u2013 Consultas \u2013 Agenda Servicio de Soporte T\u00e9cnico Requiere m\u00e1s informaci\u00f3n o cotizar nuestros servicios y productos por favor diligencie el formulario y nuestros asesores le contactan lo m\u00e1s pronto posible. <\/p>\n","protected":false},"author":1,"featured_media":5111,"parent":0,"menu_order":0,"comment_status":"closed","ping_status":"closed","template":"","meta":{"_acf_changed":false,"footnotes":""},"class_list":["post-1383","page","type-page","status-publish","has-post-thumbnail","hentry"],"acf":[],"_links":{"self":[{"href":"https:\/\/www.cmlabtec.com\/blog\/wp-json\/wp\/v2\/pages\/1383","targetHints":{"allow":["GET"]}}],"collection":[{"href":"https:\/\/www.cmlabtec.com\/blog\/wp-json\/wp\/v2\/pages"}],"about":[{"href":"https:\/\/www.cmlabtec.com\/blog\/wp-json\/wp\/v2\/types\/page"}],"author":[{"embeddable":true,"href":"https:\/\/www.cmlabtec.com\/blog\/wp-json\/wp\/v2\/users\/1"}],"replies":[{"embeddable":true,"href":"https:\/\/www.cmlabtec.com\/blog\/wp-json\/wp\/v2\/comments?post=1383"}],"version-history":[{"count":0,"href":"https:\/\/www.cmlabtec.com\/blog\/wp-json\/wp\/v2\/pages\/1383\/revisions"}],"wp:featuredmedia":[{"embeddable":true,"href":"https:\/\/www.cmlabtec.com\/blog\/wp-json\/wp\/v2\/media\/5111"}],"wp:attachment":[{"href":"https:\/\/www.cmlabtec.com\/blog\/wp-json\/wp\/v2\/media?parent=1383"}],"curies":[{"name":"wp","href":"https:\/\/api.w.org\/{rel}","templated":true}]}}